{"id":18,"date":"2024-03-11T20:54:32","date_gmt":"2024-03-11T20:54:32","guid":{"rendered":"https:\/\/chaletborealmassif.com\/?page_id=18"},"modified":"2024-10-17T14:14:39","modified_gmt":"2024-10-17T18:14:39","slug":"termes-et-conditions","status":"publish","type":"page","link":"https:\/\/chaletborealmassif.com\/en\/termes-et-conditions\/","title":{"rendered":"Terms &amp; conditions"},"content":{"rendered":"<div data-elementor-type=\"wp-page\" data-elementor-id=\"18\" class=\"elementor elementor-18\">\n\t\t\t\t<div class=\"elementor-element elementor-element-1ec7ff1e e-flex e-con-boxed e-con e-parent\" data-id=\"1ec7ff1e\" data-element_type=\"container\">\n\t\t\t\t\t<div class=\"e-con-inner\">\n\t\t\t\t<div class=\"elementor-element elementor-element-2673d29 elementor-widget elementor-widget-heading\" data-id=\"2673d29\" data-element_type=\"widget\" data-widget_type=\"heading.default\">\n\t\t\t\t<div class=\"elementor-widget-container\">\n\t\t\t\t\t<h2 class=\"elementor-heading-title elementor-size-default\">Politique d\u2019annulation<\/h2>\t\t\t\t<\/div>\n\t\t\t\t<\/div>\n\t\t\t\t<div class=\"elementor-element elementor-element-32016a52 elementor-widget elementor-widget-text-editor\" data-id=\"32016a52\" data-element_type=\"widget\" data-widget_type=\"text-editor.default\">\n\t\t\t\t<div class=\"elementor-widget-container\">\n\t\t\t\t\t\t\t\t\t<p>Une annulation effectu\u00e9e dans les 24h suivant la confirmation de la r\u00e9servation peut \u00eatre annul\u00e9e sans frais.<\/p>\n<p>Une annulation effectu\u00e9e au-del\u00e0 de 90 jours avant la date d&rsquo;arriv\u00e9e au chalet entra\u00eenera la perte d&rsquo;un montant de 10% du montant total de la r\u00e9servation \u00e0 titre de dommages et int\u00e9r\u00eats.<\/p>\n<p>Une annulation effectu\u00e9e au-del\u00e0 de 60 jours avant la date d&rsquo;arriv\u00e9e au chalet entra\u00eenera la perte du d\u00e9p\u00f4t de r\u00e9servation (30% du montant total de la r\u00e9servation) \u00e0 titre de dommages et int\u00e9r\u00eats.<\/p>\n<p>Une annulation effectu\u00e9e moins de 60 jours avant la date d&rsquo;arriv\u00e9e au chalet entra\u00eenera la perte de toutes les sommes per\u00e7ues jusqu&rsquo;\u00e0 pr\u00e9sent (100% du montant total de la r\u00e9servation). Seul le d\u00e9p\u00f4t de s\u00e9curit\u00e9 pour bris et dommage sera rembours\u00e9 aux locataires.<\/p>\t\t\t\t\t\t\t\t<\/div>\n\t\t\t\t<\/div>\n\t\t\t\t<div class=\"elementor-element elementor-element-484009a elementor-widget elementor-widget-heading\" data-id=\"484009a\" data-element_type=\"widget\" data-widget_type=\"heading.default\">\n\t\t\t\t<div class=\"elementor-widget-container\">\n\t\t\t\t\t<h2 class=\"elementor-heading-title elementor-size-default\">Politique de paiement<\/h2>\t\t\t\t<\/div>\n\t\t\t\t<\/div>\n\t\t\t\t<div class=\"elementor-element elementor-element-21197f0 elementor-widget elementor-widget-heading\" data-id=\"21197f0\" data-element_type=\"widget\" data-widget_type=\"heading.default\">\n\t\t\t\t<div class=\"elementor-widget-container\">\n\t\t\t\t\t<h3 class=\"elementor-heading-title elementor-size-default\">D\u00e9p\u00f4t de r\u00e9servation<\/h3>\t\t\t\t<\/div>\n\t\t\t\t<\/div>\n\t\t\t\t<div class=\"elementor-element elementor-element-1bfab84 elementor-widget elementor-widget-text-editor\" data-id=\"1bfab84\" data-element_type=\"widget\" data-widget_type=\"text-editor.default\">\n\t\t\t\t<div class=\"elementor-widget-container\">\n\t\t\t\t\t\t\t\t\t<p>30% du co\u00fbt de la location est exig\u00e9 pour r\u00e9server les dates de location. Le d\u00e9p\u00f4t de r\u00e9servation est la somme \u00e0 verser par le locataire lors de la r\u00e9servation du chalet. Cette \u00e9tape permet de bloquer les dates de location \u00e0 votre unique r\u00e9servation.<\/p>\t\t\t\t\t\t\t\t<\/div>\n\t\t\t\t<\/div>\n\t\t\t\t<div class=\"elementor-element elementor-element-3310991 elementor-widget elementor-widget-heading\" data-id=\"3310991\" data-element_type=\"widget\" data-widget_type=\"heading.default\">\n\t\t\t\t<div class=\"elementor-widget-container\">\n\t\t\t\t\t<h3 class=\"elementor-heading-title elementor-size-default\">Solde<\/h3>\t\t\t\t<\/div>\n\t\t\t\t<\/div>\n\t\t\t\t<div class=\"elementor-element elementor-element-6173799 elementor-widget elementor-widget-text-editor\" data-id=\"6173799\" data-element_type=\"widget\" data-widget_type=\"text-editor.default\">\n\t\t\t\t<div class=\"elementor-widget-container\">\n\t\t\t\t\t\t\t\t\t<p>Le solde restant, soit 70% du co\u00fbt de la location, devra \u00eatre acquitt\u00e9 30 jours avant votre date d\u2019arriv\u00e9e.<\/p><br>\n<p><strong>Attention:<\/strong>\u00a0Si votre r\u00e9servation est effectu\u00e9e dans un d\u00e9lai inf\u00e9rieur \u00e0 30 jours, le montant total de la r\u00e9servation ainsi que le d\u00e9p\u00f4t de garantie seront exig\u00e9s au moment de la r\u00e9servation.<\/p>\t\t\t\t\t\t\t\t<\/div>\n\t\t\t\t<\/div>\n\t\t\t\t<div class=\"elementor-element elementor-element-b9facaf elementor-widget elementor-widget-heading\" data-id=\"b9facaf\" data-element_type=\"widget\" data-widget_type=\"heading.default\">\n\t\t\t\t<div class=\"elementor-widget-container\">\n\t\t\t\t\t<h3 class=\"elementor-heading-title elementor-size-default\">D\u00e9p\u00f4t de garantie\/s\u00e9curit\u00e9<\/h3>\t\t\t\t<\/div>\n\t\t\t\t<\/div>\n\t\t\t\t<div class=\"elementor-element elementor-element-a9e3c7d elementor-widget elementor-widget-text-editor\" data-id=\"a9e3c7d\" data-element_type=\"widget\" data-widget_type=\"text-editor.default\">\n\t\t\t\t<div class=\"elementor-widget-container\">\n\t\t\t\t\t\t\t\t\t<p>Un d\u00e9p\u00f4t de garantie d\u2019un minimum de 2000$ sera retenu sur votre carte de cr\u00e9dit en cas de bris ou de dommage. Avant votre arriv\u00e9e, vous recevrez une demande de pr\u00e9l\u00e8vement du d\u00e9p\u00f4t de s\u00e9curit\u00e9 dont le montant a \u00e9t\u00e9 mentionn\u00e9 lors de votre r\u00e9servation. Veillez \u00e0 compl\u00e9ter les informations demand\u00e9es dans un d\u00e9lai de 48h suivant la r\u00e9ception du courriel. Advenant un bris mineur, un montant \u00e9quivalent \u00e0 la valeur du bris ou du dommage sera pr\u00e9lev\u00e9 si n\u00e9cessaire. Le d\u00e9p\u00f4t peut \u00eatre plus \u00e9lev\u00e9 que le montant ci-haut, si le propri\u00e9taire en fait la demande.<\/p>\t\t\t\t\t\t\t\t<\/div>\n\t\t\t\t<\/div>\n\t\t\t\t<div class=\"elementor-element elementor-element-c971b7f elementor-widget elementor-widget-heading\" data-id=\"c971b7f\" data-element_type=\"widget\" data-widget_type=\"heading.default\">\n\t\t\t\t<div class=\"elementor-widget-container\">\n\t\t\t\t\t<h2 class=\"elementor-heading-title elementor-size-default\">Politique de modification et d\u2019annulation<\/h2>\t\t\t\t<\/div>\n\t\t\t\t<\/div>\n\t\t\t\t<div class=\"elementor-element elementor-element-4867bf0 elementor-widget elementor-widget-heading\" data-id=\"4867bf0\" data-element_type=\"widget\" data-widget_type=\"heading.default\">\n\t\t\t\t<div class=\"elementor-widget-container\">\n\t\t\t\t\t<h3 class=\"elementor-heading-title elementor-size-default\">Modification d\u2019une r\u00e9servation<\/h3>\t\t\t\t<\/div>\n\t\t\t\t<\/div>\n\t\t\t\t<div class=\"elementor-element elementor-element-7c5509b elementor-widget elementor-widget-text-editor\" data-id=\"7c5509b\" data-element_type=\"widget\" data-widget_type=\"text-editor.default\">\n\t\t\t\t<div class=\"elementor-widget-container\">\n\t\t\t\t\t\t\t\t\t<p>Il peut arriver que vos plans changent, nous sommes conscients de cela et c\u2019est ainsi que nous permettons la modification d\u2019une r\u00e9servation dans un d\u00e9lai de 30 jours avant la date de location effectu\u00e9e.<\/p><br>\n<p>S\u2019il s\u2019agit d\u2019une modification des dates de r\u00e9servation : nous devrons d\u2019abord v\u00e9rifier si ces dates sont toujours disponibles avant de vous confirmer la modification.<\/p><br>\n<p>S\u2019il s\u2019agit d\u2019un changement de vill\u00e9giature : vous avez finalement eu un coup de c\u0153ur pour un autre chalet, nous devrons \u00e9galement v\u00e9rifier si l\u2019autre chalet d\u00e9sir\u00e9 est disponible aux dates souhait\u00e9es, avant de vous confirmer la modification.<\/p><br>\n<p>Important : Aucune modification ne peut avoir lieu dans un d\u00e9lai inf\u00e9rieur \u00e0 30 jours avant la date de location pr\u00e9vue.<\/p>\t\t\t\t\t\t\t\t<\/div>\n\t\t\t\t<\/div>\n\t\t\t\t<div class=\"elementor-element elementor-element-ccec1df elementor-widget elementor-widget-heading\" data-id=\"ccec1df\" data-element_type=\"widget\" data-widget_type=\"heading.default\">\n\t\t\t\t<div class=\"elementor-widget-container\">\n\t\t\t\t\t<h3 class=\"elementor-heading-title elementor-size-default\">Annulation d\u2019une r\u00e9servation<\/h3>\t\t\t\t<\/div>\n\t\t\t\t<\/div>\n\t\t\t\t<div class=\"elementor-element elementor-element-76fc216 elementor-widget elementor-widget-text-editor\" data-id=\"76fc216\" data-element_type=\"widget\" data-widget_type=\"text-editor.default\">\n\t\t\t\t<div class=\"elementor-widget-container\">\n\t\t\t\t\t\t\t\t\t<p>Une annulation effectu\u00e9e au-del\u00e0 de trente 30 jours avant la date de location entra\u00eenera la perte du d\u00e9p\u00f4t de 30% \u00e0 titre de dommages et int\u00e9r\u00eats.<\/p>\n<p>Une annulation effectu\u00e9e moins de 30 jours avant la location entra\u00eenera la perte de toutes les sommes per\u00e7ues jusqu&rsquo;\u00e0 pr\u00e9sent.<\/p><br>\n<p>Seul le d\u00e9p\u00f4t de garantie pour bris et dommages sera rembours\u00e9 aux locataires.<\/p>\t\t\t\t\t\t\t\t<\/div>\n\t\t\t\t<\/div>\n\t\t\t\t<div class=\"elementor-element elementor-element-f316ce2 elementor-widget elementor-widget-heading\" data-id=\"f316ce2\" data-element_type=\"widget\" data-widget_type=\"heading.default\">\n\t\t\t\t<div class=\"elementor-widget-container\">\n\t\t\t\t\t<h2 class=\"elementor-heading-title elementor-size-default\">Politique en cas de bris et dommages<\/h2>\t\t\t\t<\/div>\n\t\t\t\t<\/div>\n\t\t\t\t<div class=\"elementor-element elementor-element-158c708 elementor-widget elementor-widget-text-editor\" data-id=\"158c708\" data-element_type=\"widget\" data-widget_type=\"text-editor.default\">\n\t\t\t\t<div class=\"elementor-widget-container\">\n\t\t\t\t\t\t\t\t\t<p>Advenant un bris majeur dans le chalet ou une situation occasionnant l&rsquo;impossibilit\u00e9 d&rsquo;occuper la maison, le locataire est rembours\u00e9 \u00e0 100%.<\/p><br>\n<p>Dans le cas d\u2019un bris ou dommage survenu durant la location du chalet par le locataire, ce dernier est tenu d\u2019aviser Chalet-Bor\u00e9al Massif.\u00a0 En cas de doute majeur ou de confirmation de la responsabilit\u00e9 du locataire, le d\u00e9p\u00f4t de garantie sera enti\u00e8rement retenu et remis au propri\u00e9taire pour le d\u00e9dommager.<\/p>\t\t\t\t\t\t\t\t<\/div>\n\t\t\t\t<\/div>\n\t\t\t\t<div class=\"elementor-element elementor-element-8d4ddad elementor-widget elementor-widget-heading\" data-id=\"8d4ddad\" data-element_type=\"widget\" data-widget_type=\"heading.default\">\n\t\t\t\t<div class=\"elementor-widget-container\">\n\t\t\t\t\t<h2 class=\"elementor-heading-title elementor-size-default\">Politique d\u2019occupation des chalets<\/h2>\t\t\t\t<\/div>\n\t\t\t\t<\/div>\n\t\t\t\t<div class=\"elementor-element elementor-element-b2cd713 elementor-widget elementor-widget-text-editor\" data-id=\"b2cd713\" data-element_type=\"widget\" data-widget_type=\"text-editor.default\">\n\t\t\t\t<div class=\"elementor-widget-container\">\n\t\t\t\t\t\t\t\t\t<p>Le locataire doit laisser les lieux dans le m\u00eame \u00e9tat qu&rsquo;\u00e0 son arriv\u00e9e. Des frais additionnels de m\u00e9nage ainsi que d&rsquo;entretien de spa pourraient \u00eatre retenus si les consignes de propret\u00e9 et d&rsquo;utilisation ne sont pas respect\u00e9es.<\/p>\n<p>Il est strictement interdit de fumer \u00e0 l\u2019int\u00e9rieur d\u2019un chalet. En cas de doute raisonnable, le d\u00e9p\u00f4t de garantie sera enti\u00e8rement retenu et remis au propri\u00e9taire en dommages et int\u00e9r\u00eats.<\/p>\t\t\t\t\t\t\t\t<\/div>\n\t\t\t\t<\/div>\n\t\t\t\t\t<\/div>\n\t\t\t\t<\/div>\n\t\t\t\t<\/div>\n\t\t\n    <div class=\"xs_social_share_widget xs_share_url after_content \t\tmain_content  wslu-style-1 wslu-share-box-shaped wslu-fill-colored wslu-none wslu-share-horizontal wslu-theme-font-no wslu-main_content\">\n\n\t\t\n        <ul>\n\t\t\t        <\/ul>\n    <\/div>","protected":false},"excerpt":{"rendered":"<p>Politique d\u2019annulation Une annulation effectu\u00e9e dans les 24h suivant la confirmation de la r\u00e9servation peut \u00eatre annul\u00e9e sans frais. Une annulation effectu\u00e9e au-del\u00e0 de 90 jours avant la date d&rsquo;arriv\u00e9e au chalet entra\u00eenera la perte d&rsquo;un montant de 10% du montant total de la r\u00e9servation \u00e0 titre de dommages et int\u00e9r\u00eats. Une annulation effectu\u00e9e au-del\u00e0 [&hellip;]<\/p>","protected":false},"author":1,"featured_media":0,"parent":0,"menu_order":0,"comment_status":"closed","ping_status":"closed","template":"","meta":{"postBodyCss":"","postBodyMargin":[],"postBodyPadding":[],"postBodyBackground":{"backgroundType":"classic","gradient":""},"_themeisle_gutenberg_block_has_review":false,"footnotes":""},"class_list":["post-18","page","type-page","status-publish","hentry"],"_links":{"self":[{"href":"https:\/\/chaletborealmassif.com\/en\/wp-json\/wp\/v2\/pages\/18","targetHints":{"allow":["GET"]}}],"collection":[{"href":"https:\/\/chaletborealmassif.com\/en\/wp-json\/wp\/v2\/pages"}],"about":[{"href":"https:\/\/chaletborealmassif.com\/en\/wp-json\/wp\/v2\/types\/page"}],"author":[{"embeddable":true,"href":"https:\/\/chaletborealmassif.com\/en\/wp-json\/wp\/v2\/users\/1"}],"replies":[{"embeddable":true,"href":"https:\/\/chaletborealmassif.com\/en\/wp-json\/wp\/v2\/comments?post=18"}],"version-history":[{"count":5,"href":"https:\/\/chaletborealmassif.com\/en\/wp-json\/wp\/v2\/pages\/18\/revisions"}],"predecessor-version":[{"id":12146,"href":"https:\/\/chaletborealmassif.com\/en\/wp-json\/wp\/v2\/pages\/18\/revisions\/12146"}],"wp:attachment":[{"href":"https:\/\/chaletborealmassif.com\/en\/wp-json\/wp\/v2\/media?parent=18"}],"curies":[{"name":"wp","href":"https:\/\/api.w.org\/{rel}","templated":true}]}}